{"id":16,"date":"2024-11-12T15:40:09","date_gmt":"2024-11-12T15:40:09","guid":{"rendered":"https:\/\/ghnet.net.br\/?page_id=16"},"modified":"2024-12-09T23:13:57","modified_gmt":"2024-12-09T23:13:57","slug":"sobre","status":"publish","type":"page","link":"https:\/\/ghnet.net.br\/index.php\/sobre\/","title":{"rendered":"SOBRE"},"content":{"rendered":"\t\t<div data-elementor-type=\"wp-page\" data-elementor-id=\"16\" class=\"elementor elementor-16\">\n\t\t\t\t<div class=\"elementor-element elementor-element-7c12a2c e-con-full e-flex e-con e-parent\" data-id=\"7c12a2c\" data-element_type=\"container\" data-settings=\"{&quot;background_background&quot;:&quot;classic&quot;}\">\n\t\t<div class=\"elementor-element elementor-element-7c83bbe e-con-full e-flex e-con e-child\" data-id=\"7c83bbe\" data-element_type=\"container\">\n\t\t\t\t<div class=\"elementor-element elementor-element-df0590c eael-dual-header-content-align-left elementor-widget elementor-widget-eael-dual-color-header\" data-id=\"df0590c\" data-element_type=\"widget\" data-widget_type=\"eael-dual-color-header.default\">\n\t\t\t\t<div class=\"elementor-widget-container\">\n\t\t\t\t\t\t<div class=\"eael-dual-header\">\n\t\t\t\t<h2 class=\"title\"><span class=\"lead solid-color\">A NOSSA<\/span> <span>EMPRESA<\/span><\/h2>\t\t\t\t<span class=\"subtext\"><p>A GHNET, estabelecida em 1999 em Guanh\u00e3es, MG, \u00e9 uma das principais fornecedoras de servi\u00e7os de internet na regi\u00e3o. Desde sua cria\u00e7\u00e3o, a empresa se destaca pela excel\u00eancia na qualidade de seus servi\u00e7os e pelo atendimento diferenciado, conquistando a confian\u00e7a de grande parte dos usu\u00e1rios locais.<br \/>No in\u00edcio, a GHNET oferecia conex\u00e3o via dial-up, mas rapidamente avan\u00e7ou para tecnologias mais modernas. Em 2002, passou a operar com tecnologia wireless, proporcionando velocidades superiores. Em 2004, consolidou sua presen\u00e7a no mercado ao democratizar o acesso \u00e0 internet com planos mais acess\u00edveis. Em 2008, marcou um grande avan\u00e7o ao lan\u00e7ar servi\u00e7os de internet a cabo, ampliando ainda mais sua atua\u00e7\u00e3o.<br \/>Atualmente, a GHNET disponibiliza um portf\u00f3lio completo de solu\u00e7\u00f5es, incluindo conex\u00f5es via wireless, cabo e fibra \u00f3ptica, apoiadas por uma infraestrutura robusta e constante investimento em tecnologia de ponta. Al\u00e9m do acesso \u00e0 internet, a empresa oferece servi\u00e7os adicionais, como VOIP, hospedagem de sites e e-mails corporativos, al\u00e9m de desenvolver projetos personalizados para solu\u00e7\u00f5es web, garantindo efici\u00eancia e tranquilidade para seus clientes.<br \/>Com um forte compromisso em entregar o melhor da tecnologia e um atendimento de alta qualidade, a GHNET permanece como refer\u00eancia em conectividade para Guanh\u00e3es\u00a0e\u00a0regi\u00e3o.<\/p><\/span>\n\t\t\t\t\t\t\t\t\t<span class=\"eael-dch-svg-icon\"><svg aria-hidden=\"true\" class=\"e-font-icon-svg e-fas-snowflake\" viewBox=\"0 0 448 512\" xmlns=\"http:\/\/www.w3.org\/2000\/svg\"><path d=\"M440.3 345.2l-33.8-19.5 26-7c8.2-2.2 13.1-10.7 10.9-18.9l-4-14.9c-2.2-8.2-10.7-13.1-18.9-10.9l-70.8 19-63.9-37 63.8-36.9 70.8 19c8.2 2.2 16.7-2.7 18.9-10.9l4-14.9c2.2-8.2-2.7-16.7-10.9-18.9l-26-7 33.8-19.5c7.4-4.3 9.9-13.7 5.7-21.1L430.4 119c-4.3-7.4-13.7-9.9-21.1-5.7l-33.8 19.5 7-26c2.2-8.2-2.7-16.7-10.9-18.9l-14.9-4c-8.2-2.2-16.7 2.7-18.9 10.9l-19 70.8-62.8 36.2v-77.5l53.7-53.7c6.2-6.2 6.2-16.4 0-22.6l-11.3-11.3c-6.2-6.2-16.4-6.2-22.6 0L256 56.4V16c0-8.8-7.2-16-16-16h-32c-8.8 0-16 7.2-16 16v40.4l-19.7-19.7c-6.2-6.2-16.4-6.2-22.6 0L138.3 48c-6.3 6.2-6.3 16.4 0 22.6l53.7 53.7v77.5l-62.8-36.2-19-70.8c-2.2-8.2-10.7-13.1-18.9-10.9l-14.9 4c-8.2 2.2-13.1 10.7-10.9 18.9l7 26-33.8-19.5c-7.4-4.3-16.8-1.7-21.1 5.7L2.1 145.7c-4.3 7.4-1.7 16.8 5.7 21.1l33.8 19.5-26 7c-8.3 2.2-13.2 10.7-11 19l4 14.9c2.2 8.2 10.7 13.1 18.9 10.9l70.8-19 63.8 36.9-63.8 36.9-70.8-19c-8.2-2.2-16.7 2.7-18.9 10.9l-4 14.9c-2.2 8.2 2.7 16.7 10.9 18.9l26 7-33.8 19.6c-7.4 4.3-9.9 13.7-5.7 21.1l15.5 26.8c4.3 7.4 13.7 9.9 21.1 5.7l33.8-19.5-7 26c-2.2 8.2 2.7 16.7 10.9 18.9l14.9 4c8.2 2.2 16.7-2.7 18.9-10.9l19-70.8 62.8-36.2v77.5l-53.7 53.7c-6.3 6.2-6.3 16.4 0 22.6l11.3 11.3c6.2 6.2 16.4 6.2 22.6 0l19.7-19.7V496c0 8.8 7.2 16 16 16h32c8.8 0 16-7.2 16-16v-40.4l19.7 19.7c6.2 6.2 16.4 6.2 22.6 0l11.3-11.3c6.2-6.2 6.2-16.4 0-22.6L256 387.7v-77.5l62.8 36.2 19 70.8c2.2 8.2 10.7 13.1 18.9 10.9l14.9-4c8.2-2.2 13.1-10.7 10.9-18.9l-7-26 33.8 19.5c7.4 4.3 16.8 1.7 21.1-5.7l15.5-26.8c4.3-7.3 1.8-16.8-5.6-21z\"><\/path><\/svg><\/span>\t\t\t\t\t\t\t<\/div>\n\n\t\t\t\t<\/div>\n\t\t\t\t<\/div>\n\t\t\t\t<\/div>\n\t\t<div class=\"elementor-element elementor-element-c2a74b8 e-con-full e-flex e-con e-child\" data-id=\"c2a74b8\" data-element_type=\"container\">\n\t\t\t\t<div class=\"elementor-element elementor-element-c661af9 elementor-widget elementor-widget-image\" data-id=\"c661af9\" data-element_type=\"widget\" data-widget_type=\"image.default\">\n\t\t\t\t<div class=\"elementor-widget-container\">\n\t\t\t\t\t\t\t\t\t\t\t\t\t<img fetchpriority=\"high\" decoding=\"async\" width=\"800\" height=\"600\" src=\"https:\/\/ghnet.net.br\/wp-content\/uploads\/2024\/12\/WhatsApp-Image-2024-04-25-at-11.28.34-1-1024x768.jpeg\" class=\"attachment-large size-large wp-image-892\" alt=\"\" srcset=\"https:\/\/ghnet.net.br\/wp-content\/uploads\/2024\/12\/WhatsApp-Image-2024-04-25-at-11.28.34-1-1024x768.jpeg 1024w, https:\/\/ghnet.net.br\/wp-content\/uploads\/2024\/12\/WhatsApp-Image-2024-04-25-at-11.28.34-1-300x225.jpeg 300w, https:\/\/ghnet.net.br\/wp-content\/uploads\/2024\/12\/WhatsApp-Image-2024-04-25-at-11.28.34-1-768x576.jpeg 768w, https:\/\/ghnet.net.br\/wp-content\/uploads\/2024\/12\/WhatsApp-Image-2024-04-25-at-11.28.34-1-1536x1152.jpeg 1536w, https:\/\/ghnet.net.br\/wp-content\/uploads\/2024\/12\/WhatsApp-Image-2024-04-25-at-11.28.34-1.jpeg 1600w\" sizes=\"(max-width: 800px) 100vw, 800px\" \/>\t\t\t\t\t\t\t\t\t\t\t\t\t<\/div>\n\t\t\t\t<\/div>\n\t\t\t\t<\/div>\n\t\t\t\t<\/div>\n\t\t<div class=\"elementor-element elementor-element-b7d6a43 e-con-full e-flex e-con e-parent\" data-id=\"b7d6a43\" data-element_type=\"container\" data-settings=\"{&quot;background_background&quot;:&quot;classic&quot;}\">\n\t\t<div class=\"elementor-element elementor-element-053f437 e-grid e-con-full e-con e-child\" data-id=\"053f437\" data-element_type=\"container\" data-settings=\"{&quot;background_background&quot;:&quot;classic&quot;}\">\n\t\t<div class=\"elementor-element elementor-element-4cdc692 e-con-full e-flex e-con e-child\" data-id=\"4cdc692\" data-element_type=\"container\">\n\t\t\t\t<\/div>\n\t\t\t\t<\/div>\n\t\t\t\t<\/div>\n\t\t<div class=\"elementor-element elementor-element-8d398d5 e-flex e-con-boxed e-con e-parent\" data-id=\"8d398d5\" data-element_type=\"container\">\n\t\t\t\t\t<div class=\"e-con-inner\">\n\t\t\t\t\t<\/div>\n\t\t\t\t<\/div>\n\t\t\t\t<\/div>\n\t\t","protected":false},"excerpt":{"rendered":"<p>A NOSSA EMPRESA A GHNET, estabelecida em 1999 em Guanh\u00e3es, MG, \u00e9 uma das principais fornecedoras de servi\u00e7os de internet na regi\u00e3o. Desde sua cria\u00e7\u00e3o, a empresa se destaca pela excel\u00eancia na qualidade de seus servi\u00e7os e pelo atendimento diferenciado, conquistando a confian\u00e7a de grande parte dos usu\u00e1rios locais.No in\u00edcio, a GHNET oferecia conex\u00e3o via [&hellip;]<\/p>\n","protected":false},"author":1,"featured_media":0,"parent":0,"menu_order":0,"comment_status":"closed","ping_status":"closed","template":"","meta":{"footnotes":""},"class_list":["post-16","page","type-page","status-publish","hentry"],"yoast_head":"<!-- This site is optimized with the Yoast SEO plugin v23.8 - https:\/\/yoast.com\/wordpress\/plugins\/seo\/ -->\n<title>SOBRE - GHNET TELECOM<\/title>\n<meta name=\"robots\" content=\"index, follow, max-snippet:-1, max-image-preview:large, max-video-preview:-1\" \/>\n<link rel=\"canonical\" href=\"https:\/\/ghnet.net.br\/index.php\/sobre\/\" \/>\n<meta property=\"og:locale\" content=\"pt_BR\" \/>\n<meta property=\"og:type\" content=\"article\" \/>\n<meta property=\"og:title\" content=\"SOBRE - GHNET TELECOM\" \/>\n<meta property=\"og:description\" content=\"A NOSSA EMPRESA A GHNET, estabelecida em 1999 em Guanh\u00e3es, MG, \u00e9 uma das principais fornecedoras de servi\u00e7os de internet na regi\u00e3o. Desde sua cria\u00e7\u00e3o, a empresa se destaca pela excel\u00eancia na qualidade de seus servi\u00e7os e pelo atendimento diferenciado, conquistando a confian\u00e7a de grande parte dos usu\u00e1rios locais.No in\u00edcio, a GHNET oferecia conex\u00e3o via [&hellip;]\" \/>\n<meta property=\"og:url\" content=\"https:\/\/ghnet.net.br\/index.php\/sobre\/\" \/>\n<meta property=\"og:site_name\" content=\"GHNET TELECOM\" \/>\n<meta property=\"article:modified_time\" content=\"2024-12-09T23:13:57+00:00\" \/>\n<meta property=\"og:image\" content=\"https:\/\/ghnet.net.br\/wp-content\/uploads\/2024\/12\/WhatsApp-Image-2024-04-25-at-11.28.34-1.jpeg\" \/>\n\t<meta property=\"og:image:width\" content=\"1600\" \/>\n\t<meta property=\"og:image:height\" content=\"1200\" \/>\n\t<meta property=\"og:image:type\" content=\"image\/jpeg\" \/>\n<meta name=\"twitter:card\" content=\"summary_large_image\" \/>\n<meta name=\"twitter:label1\" content=\"Est. tempo de leitura\" \/>\n\t<meta name=\"twitter:data1\" content=\"2 minutos\" \/>\n<script type=\"application\/ld+json\" class=\"yoast-schema-graph\">{\"@context\":\"https:\/\/schema.org\",\"@graph\":[{\"@type\":\"WebPage\",\"@id\":\"https:\/\/ghnet.net.br\/index.php\/sobre\/\",\"url\":\"https:\/\/ghnet.net.br\/index.php\/sobre\/\",\"name\":\"SOBRE - GHNET TELECOM\",\"isPartOf\":{\"@id\":\"https:\/\/ghnet.net.br\/#website\"},\"primaryImageOfPage\":{\"@id\":\"https:\/\/ghnet.net.br\/index.php\/sobre\/#primaryimage\"},\"image\":{\"@id\":\"https:\/\/ghnet.net.br\/index.php\/sobre\/#primaryimage\"},\"thumbnailUrl\":\"https:\/\/ghnet.net.br\/wp-content\/uploads\/2024\/12\/WhatsApp-Image-2024-04-25-at-11.28.34-1-1024x768.jpeg\",\"datePublished\":\"2024-11-12T15:40:09+00:00\",\"dateModified\":\"2024-12-09T23:13:57+00:00\",\"breadcrumb\":{\"@id\":\"https:\/\/ghnet.net.br\/index.php\/sobre\/#breadcrumb\"},\"inLanguage\":\"pt-BR\",\"potentialAction\":[{\"@type\":\"ReadAction\",\"target\":[\"https:\/\/ghnet.net.br\/index.php\/sobre\/\"]}]},{\"@type\":\"ImageObject\",\"inLanguage\":\"pt-BR\",\"@id\":\"https:\/\/ghnet.net.br\/index.php\/sobre\/#primaryimage\",\"url\":\"https:\/\/ghnet.net.br\/wp-content\/uploads\/2024\/12\/WhatsApp-Image-2024-04-25-at-11.28.34-1.jpeg\",\"contentUrl\":\"https:\/\/ghnet.net.br\/wp-content\/uploads\/2024\/12\/WhatsApp-Image-2024-04-25-at-11.28.34-1.jpeg\",\"width\":1600,\"height\":1200},{\"@type\":\"BreadcrumbList\",\"@id\":\"https:\/\/ghnet.net.br\/index.php\/sobre\/#breadcrumb\",\"itemListElement\":[{\"@type\":\"ListItem\",\"position\":1,\"name\":\"In\u00edcio\",\"item\":\"https:\/\/ghnet.net.br\/\"},{\"@type\":\"ListItem\",\"position\":2,\"name\":\"SOBRE\"}]},{\"@type\":\"WebSite\",\"@id\":\"https:\/\/ghnet.net.br\/#website\",\"url\":\"https:\/\/ghnet.net.br\/\",\"name\":\"GHNET TELECOM\",\"description\":\"\",\"potentialAction\":[{\"@type\":\"SearchAction\",\"target\":{\"@type\":\"EntryPoint\",\"urlTemplate\":\"https:\/\/ghnet.net.br\/?s={search_term_string}\"},\"query-input\":{\"@type\":\"PropertyValueSpecification\",\"valueRequired\":true,\"valueName\":\"search_term_string\"}}],\"inLanguage\":\"pt-BR\"}]}<\/script>\n<!-- \/ Yoast SEO plugin. -->","yoast_head_json":{"title":"SOBRE - GHNET TELECOM","robots":{"index":"index","follow":"follow","max-snippet":"max-snippet:-1","max-image-preview":"max-image-preview:large","max-video-preview":"max-video-preview:-1"},"canonical":"https:\/\/ghnet.net.br\/index.php\/sobre\/","og_locale":"pt_BR","og_type":"article","og_title":"SOBRE - GHNET TELECOM","og_description":"A NOSSA EMPRESA A GHNET, estabelecida em 1999 em Guanh\u00e3es, MG, \u00e9 uma das principais fornecedoras de servi\u00e7os de internet na regi\u00e3o. Desde sua cria\u00e7\u00e3o, a empresa se destaca pela excel\u00eancia na qualidade de seus servi\u00e7os e pelo atendimento diferenciado, conquistando a confian\u00e7a de grande parte dos usu\u00e1rios locais.No in\u00edcio, a GHNET oferecia conex\u00e3o via [&hellip;]","og_url":"https:\/\/ghnet.net.br\/index.php\/sobre\/","og_site_name":"GHNET TELECOM","article_modified_time":"2024-12-09T23:13:57+00:00","og_image":[{"width":1600,"height":1200,"url":"https:\/\/ghnet.net.br\/wp-content\/uploads\/2024\/12\/WhatsApp-Image-2024-04-25-at-11.28.34-1.jpeg","type":"image\/jpeg"}],"twitter_card":"summary_large_image","twitter_misc":{"Est. tempo de leitura":"2 minutos"},"schema":{"@context":"https:\/\/schema.org","@graph":[{"@type":"WebPage","@id":"https:\/\/ghnet.net.br\/index.php\/sobre\/","url":"https:\/\/ghnet.net.br\/index.php\/sobre\/","name":"SOBRE - GHNET TELECOM","isPartOf":{"@id":"https:\/\/ghnet.net.br\/#website"},"primaryImageOfPage":{"@id":"https:\/\/ghnet.net.br\/index.php\/sobre\/#primaryimage"},"image":{"@id":"https:\/\/ghnet.net.br\/index.php\/sobre\/#primaryimage"},"thumbnailUrl":"https:\/\/ghnet.net.br\/wp-content\/uploads\/2024\/12\/WhatsApp-Image-2024-04-25-at-11.28.34-1-1024x768.jpeg","datePublished":"2024-11-12T15:40:09+00:00","dateModified":"2024-12-09T23:13:57+00:00","breadcrumb":{"@id":"https:\/\/ghnet.net.br\/index.php\/sobre\/#breadcrumb"},"inLanguage":"pt-BR","potentialAction":[{"@type":"ReadAction","target":["https:\/\/ghnet.net.br\/index.php\/sobre\/"]}]},{"@type":"ImageObject","inLanguage":"pt-BR","@id":"https:\/\/ghnet.net.br\/index.php\/sobre\/#primaryimage","url":"https:\/\/ghnet.net.br\/wp-content\/uploads\/2024\/12\/WhatsApp-Image-2024-04-25-at-11.28.34-1.jpeg","contentUrl":"https:\/\/ghnet.net.br\/wp-content\/uploads\/2024\/12\/WhatsApp-Image-2024-04-25-at-11.28.34-1.jpeg","width":1600,"height":1200},{"@type":"BreadcrumbList","@id":"https:\/\/ghnet.net.br\/index.php\/sobre\/#breadcrumb","itemListElement":[{"@type":"ListItem","position":1,"name":"In\u00edcio","item":"https:\/\/ghnet.net.br\/"},{"@type":"ListItem","position":2,"name":"SOBRE"}]},{"@type":"WebSite","@id":"https:\/\/ghnet.net.br\/#website","url":"https:\/\/ghnet.net.br\/","name":"GHNET TELECOM","description":"","potentialAction":[{"@type":"SearchAction","target":{"@type":"EntryPoint","urlTemplate":"https:\/\/ghnet.net.br\/?s={search_term_string}"},"query-input":{"@type":"PropertyValueSpecification","valueRequired":true,"valueName":"search_term_string"}}],"inLanguage":"pt-BR"}]}},"_links":{"self":[{"href":"https:\/\/ghnet.net.br\/index.php\/wp-json\/wp\/v2\/pages\/16","targetHints":{"allow":["GET"]}}],"collection":[{"href":"https:\/\/ghnet.net.br\/index.php\/wp-json\/wp\/v2\/pages"}],"about":[{"href":"https:\/\/ghnet.net.br\/index.php\/wp-json\/wp\/v2\/types\/page"}],"author":[{"embeddable":true,"href":"https:\/\/ghnet.net.br\/index.php\/wp-json\/wp\/v2\/users\/1"}],"replies":[{"embeddable":true,"href":"https:\/\/ghnet.net.br\/index.php\/wp-json\/wp\/v2\/comments?post=16"}],"version-history":[{"count":0,"href":"https:\/\/ghnet.net.br\/index.php\/wp-json\/wp\/v2\/pages\/16\/revisions"}],"wp:attachment":[{"href":"https:\/\/ghnet.net.br\/index.php\/wp-json\/wp\/v2\/media?parent=16"}],"curies":[{"name":"wp","href":"https:\/\/api.w.org\/{rel}","templated":true}]}}